{"id":17,"date":"2025-04-29T08:27:19","date_gmt":"2025-04-29T08:27:19","guid":{"rendered":"https:\/\/jagoda.com.hr\/?page_id=17"},"modified":"2025-06-01T16:24:00","modified_gmt":"2025-06-01T16:24:00","slug":"o-projektu","status":"publish","type":"page","link":"https:\/\/jagoda.com.hr\/index.php\/o-projektu\/","title":{"rendered":"o projektu"},"content":{"rendered":"\t\t<div data-elementor-type=\"wp-page\" data-elementor-id=\"17\" class=\"elementor elementor-17\">\n\t\t\t\t<div class=\"elementor-element elementor-element-e730070 e-flex e-con-boxed e-con e-parent\" data-id=\"e730070\" data-element_type=\"container\">\n\t\t\t\t\t<div class=\"e-con-inner\">\n\t\t\t\t<div class=\"elementor-element elementor-element-82fe9f8 elementor-widget elementor-widget-heading\" data-id=\"82fe9f8\" data-element_type=\"widget\" data-widget_type=\"heading.default\">\n\t\t\t\t<div class=\"elementor-widget-container\">\n\t\t\t\t\t<h2 class=\"elementor-heading-title elementor-size-default\">Pri\u010da o jagodama hrvatskoga juga <\/h2>\t\t\t\t<\/div>\n\t\t\t\t<\/div>\n\t\t\t\t<div class=\"elementor-element elementor-element-1a4feff elementor-widget-divider--view-line elementor-widget elementor-widget-divider\" data-id=\"1a4feff\" data-element_type=\"widget\" data-widget_type=\"divider.default\">\n\t\t\t\t<div class=\"elementor-widget-container\">\n\t\t\t\t\t\t\t<div class=\"elementor-divider\">\n\t\t\t<span class=\"elementor-divider-separator\">\n\t\t\t\t\t\t<\/span>\n\t\t<\/div>\n\t\t\t\t\t\t<\/div>\n\t\t\t\t<\/div>\n\t\t\t\t\t<\/div>\n\t\t\t\t<\/div>\n\t\t<div class=\"elementor-element elementor-element-b02c6ca e-flex e-con-boxed e-con e-parent\" data-id=\"b02c6ca\" data-element_type=\"container\">\n\t\t\t\t\t<div class=\"e-con-inner\">\n\t\t<div class=\"elementor-element elementor-element-e729355 e-con-full e-flex e-con e-child\" data-id=\"e729355\" data-element_type=\"container\">\n\t\t\t\t<div class=\"elementor-element elementor-element-b7dc955 elementor-widget elementor-widget-text-editor\" data-id=\"b7dc955\" data-element_type=\"widget\" data-widget_type=\"text-editor.default\">\n\t\t\t\t<div class=\"elementor-widget-container\">\n\t\t\t\t\t\t\t\t\t<p style=\"text-align: center;\"><strong>Povezivanje obrazovnog sustava i gospodarskih subjekata u ugostiteljstvu i turizmu<\/strong><\/p><p>Vrgora\u010dka jagoda ve\u0107 je dugi niz godina brand koji kupcima nudi poznatu i pouzdanu kvalitetu, a istom se cilju u posljednjih nekoliko godina sve vi\u0161e pribli\u017eava i neretvanska jagoda. Suradnjom Srednje \u0161kole Tina Ujevi\u0107a iz Vrgorca i Srednje \u0161kole fra Andrije Ka\u010di\u0107a Mio\u0161i\u0107a iz Plo\u010da u ovom projektu upravo se jagoda i s njom povezane zanimljive aktivnosti stavljaju u fokus turisti\u010dke ponude i razvijanja vrgora\u010dkog i neretvanskog kraja kao izletni\u010dke ili vikend destinacije .<\/p><p>Kroz ovaj projekt u\u010denici i njihovi mentori \u017eele iskoristiti privla\u010dnost jagoda i obogatiti turisti\u010dku ponudu ovih krajeva u razdoblju berbe jagoda (travanj &#8211; lipanj) te tako privu\u0107i goste na jednodnevni izlet s iskustvom berbe jagoda ili vikend odmor. Zbog blizine jadranske obale na ovom podru\u010dju postoji infrastruktura koja je u tom razdoblju uglavnom neiskori\u0161tena (ku\u0107e za odmor, obiteljski hotel, OPG-ovi koji nude smje\u0161taj) \u0161to je izvrsno rje\u0161enje problema smje\u0161taja kod opcije vikend odmora. U\u010denici \u0107e izraditi web stranicu (pru\u017eanje informacija o destinaciji, ponuda OPG-ova koji nude iskustvo branja jagoda\/jela i pi\u0107a\/suvenire, ponuda ugostiteljskih objekata, ponuda smje\u0161taja, prijedlozi za odr\u017eiviji na\u010din sudjelovanja u ponu\u0111enim turisti\u010dkim aktivnostima), osmisliti i testirati jednodnevni izlet u berbu jagoda koriste\u0107i podatke web stranice te izraditi knjigu recepata s jagodama. U\u010denici \u0107e kroz projektne aktivnosti istra\u017eiti i razli\u010dite proizvode bazirane na jagodama te predlo\u017eiti najbolje na\u010dine za njihovo uklju\u010divanje u turisti\u010dku ponudu.<\/p><hr \/><p>Aktivnosti Srednje \u0161kole Tina Ujevi\u0107a Vrgorac<\/p><ul><li>Suradnja s pridru\u017eenim partnerima Udruga Vrgora\u010dke jagode i Poetica distillery d.o.o. svojim \u0107e znanjem, iskustvom, tehni\u010dkom podr\u0161kom te mentorskim radom s u\u010denicima pridonijeti uspje\u0161nosti projektnih aktivnosti. Kroz edukacije i savjete od strane pridru\u017eenih partnera u\u010denici \u0107e ste\u0107i uvid u razne nove mogu\u0107nosti koje se mogu iskoristiti za ja\u010danje turisti\u010dkog potencijala na\u0161ih krajeva.<ul><li>s u\u010denicima smjera &#8211; kuhar izraditi \u0107e \u010dokoladne praline sjagodama te jagode prelivene \u010dokoladom<\/li><li>s u\u010denicima smjera &#8211; konobar izraditi \u0107e i nau\u010diti kako poslu\u017eiti frape od \u010dokolade s jagodama<\/li><li>s u\u010denicima smjera &#8211; ekonomist osmisliti \u0107e kreativno pakiranjeuradnja s u\u010denicima lokalnih osnovnih \u0161kola te njihovo sudjelovanje u projektu. To je\u00a0 od iznimne va\u017enosti i za njih su pa\u017eljivo osmi\u0161ljene projektne aktivnosti kroz koje \u0107e ste\u0107i nova znanja i vje\u0161tine na vrlo kreativan, zabavan i motiviraju\u0107i na\u010din. To \u0107e ih potaknuti na razmi\u0161ljanje i pozitivan stav prema izboru nekog od strukovnih programa za nastavak svog \u0161kolovanja. Plan je da se u\u010denici osnovnih \u0161kola aktivno uklju\u010de\u00a0 u projekt na vi\u0161e na\u010dina, prvenstveno \u0107e sudjelovati na radionici osmi\u0161ljenoj posebno za njih\u00a0 &#8220;Jagode i \u010dokolada&#8221; koja \u0107e se odr\u017eati u prostoru \u0161kole prijavitelja. Na radionici \u0107e im svoje vje\u0161tine prikazati u\u010denici u tri razli\u010dita strukovna obrazovna programa : kuhar (10 u\u010denika), konobar (5 u\u010denika) i ekonomist (10 u\u010denika).<\/li><\/ul><\/li><li>Organizacija manifestacije Dani jagoda u Vrgorcu, 2. svibnja 2025.<\/li><li><p>Razvijanje ideje o vrgora\u010dkom i neretvanskom podru\u010dju kao izletni\u010dkoj\/vikend destinaciji u razdoblju berbe jagoda (travanj &#8211; lipanj) (Srednja \u0161kola Tina Ujevi\u0107a)<\/p><\/li><\/ul><hr \/><p>Aktivnosti Srednje \u0161kole fra Andrije Ka\u010di\u0107a Mio\u0161i\u0107a Plo\u010de<\/p><ul><li>Izrada web stranice u suradnji sa Srednjom \u0161kolom Tina Ujevi\u0107a<\/li><li>Radionica: Slatki i slani recepti s jagodama<\/li><li>Tisak knjige recepata s jagodama u suradnji sa Srednjom \u0161kolom Tina Ujevi\u0107a<\/li><li>Organizacija izleta\/posjeta OPG-u i ugostiteljskom objektu s ponudom jela\/pi\u0107a s jagodama (prema projektnoj ideji &#8211; Srednja \u0161kola Tina Ujevi\u0107a i Srednja \u0161kola Fra Andrije Ka\u010di\u0107a Mio\u0161i\u0107a)<\/li><li>Sudjelovanje na manifestaciji Dan jagoda (2.5.2025., Vrgorac)<\/li><li>U\u010denici iz smjera kuhar (6 u\u010denika) i tehni\u010dar za ra\u010dunalstvo (8 u\u010denika) \u0107e sudjelovati u ovom projektu.<\/li><\/ul>\t\t\t\t\t\t\t\t<\/div>\n\t\t\t\t<\/div>\n\t\t\t\t<\/div>\n\t\t\t\t\t<\/div>\n\t\t\t\t<\/div>\n\t\t\t\t<\/div>\n\t\t","protected":false},"excerpt":{"rendered":"<p>Pri\u010da o jagodama hrvatskoga juga Povezivanje obrazovnog sustava i gospodarskih subjekata u ugostiteljstvu i turizmu Vrgora\u010dka jagoda ve\u0107 je dugi niz godina brand koji kupcima nudi poznatu i pouzdanu kvalitetu, a istom se cilju u posljednjih nekoliko godina sve vi\u0161e pribli\u017eava i neretvanska jagoda. Suradnjom Srednje \u0161kole Tina Ujevi\u0107a iz Vrgorca i Srednje \u0161kole fra [&hellip;]<\/p>\n","protected":false},"author":1,"featured_media":0,"parent":0,"menu_order":0,"comment_status":"closed","ping_status":"closed","template":"","meta":{"footnotes":""},"class_list":["post-17","page","type-page","status-publish","hentry"],"_links":{"self":[{"href":"https:\/\/jagoda.com.hr\/index.php\/wp-json\/wp\/v2\/pages\/17","targetHints":{"allow":["GET"]}}],"collection":[{"href":"https:\/\/jagoda.com.hr\/index.php\/wp-json\/wp\/v2\/pages"}],"about":[{"href":"https:\/\/jagoda.com.hr\/index.php\/wp-json\/wp\/v2\/types\/page"}],"author":[{"embeddable":true,"href":"https:\/\/jagoda.com.hr\/index.php\/wp-json\/wp\/v2\/users\/1"}],"replies":[{"embeddable":true,"href":"https:\/\/jagoda.com.hr\/index.php\/wp-json\/wp\/v2\/comments?post=17"}],"version-history":[{"count":31,"href":"https:\/\/jagoda.com.hr\/index.php\/wp-json\/wp\/v2\/pages\/17\/revisions"}],"predecessor-version":[{"id":380,"href":"https:\/\/jagoda.com.hr\/index.php\/wp-json\/wp\/v2\/pages\/17\/revisions\/380"}],"wp:attachment":[{"href":"https:\/\/jagoda.com.hr\/index.php\/wp-json\/wp\/v2\/media?parent=17"}],"curies":[{"name":"wp","href":"https:\/\/api.w.org\/{rel}","templated":true}]}}