{"id":2,"date":"2025-04-29T07:41:07","date_gmt":"2025-04-29T07:41:07","guid":{"rendered":"http:\/\/jagoda.com.hr\/?page_id=2"},"modified":"2025-06-01T16:25:40","modified_gmt":"2025-06-01T16:25:40","slug":"sample-page","status":"publish","type":"page","link":"https:\/\/jagoda.com.hr\/","title":{"rendered":"naslovnica"},"content":{"rendered":"\t\t<div data-elementor-type=\"wp-page\" data-elementor-id=\"2\" class=\"elementor elementor-2\">\n\t\t\t\t<div class=\"elementor-element elementor-element-a441292 e-flex e-con-boxed e-con e-parent\" data-id=\"a441292\" data-element_type=\"container\">\n\t\t\t\t\t<div class=\"e-con-inner\">\n\t\t\t\t<div class=\"elementor-element elementor-element-f869391 elementor-widget elementor-widget-heading\" data-id=\"f869391\" data-element_type=\"widget\" data-widget_type=\"heading.default\">\n\t\t\t\t<div class=\"elementor-widget-container\">\n\t\t\t\t\t<h2 class=\"elementor-heading-title elementor-size-default\">Pri\u010da o jagodama hrvatskoga juga - projekt Srednje \u0161kole Tin Ujevi\u0107 Vrgorac u suradnji s partnerom Srednje \u0161kole fra Andrije Ka\u010di\u0107a Mio\u0161i\u0107a Plo\u010de<\/h2>\t\t\t\t<\/div>\n\t\t\t\t<\/div>\n\t\t\t\t<div class=\"elementor-element elementor-element-6e08370 elementor-widget-divider--view-line elementor-widget elementor-widget-divider\" data-id=\"6e08370\" data-element_type=\"widget\" data-widget_type=\"divider.default\">\n\t\t\t\t<div class=\"elementor-widget-container\">\n\t\t\t\t\t\t\t<div class=\"elementor-divider\">\n\t\t\t<span class=\"elementor-divider-separator\">\n\t\t\t\t\t\t<\/span>\n\t\t<\/div>\n\t\t\t\t\t\t<\/div>\n\t\t\t\t<\/div>\n\t\t\t\t\t<\/div>\n\t\t\t\t<\/div>\n\t\t<div class=\"elementor-element elementor-element-ef63d65 e-flex e-con-boxed e-con e-parent\" data-id=\"ef63d65\" data-element_type=\"container\">\n\t\t\t\t\t<div class=\"e-con-inner\">\n\t\t<div class=\"elementor-element elementor-element-89f8a93 e-con-full e-flex e-con e-child\" data-id=\"89f8a93\" data-element_type=\"container\">\n\t\t\t\t<div class=\"elementor-element elementor-element-dfd45ea elementor-widget__width-initial elementor-widget elementor-widget-text-editor\" data-id=\"dfd45ea\" data-element_type=\"widget\" data-widget_type=\"text-editor.default\">\n\t\t\t\t<div class=\"elementor-widget-container\">\n\t\t\t\t\t\t\t\t\t<p style=\"margin: 0cm 0cm 0.0001pt; text-align: center;\"><strong><span style=\"font-size: 15.0pt;\">Vrgora\u010dke jagode \u2013 &#8220;Crveno blago s juga Hrvatske&#8221;<\/span><\/strong><\/p><p style=\"border: rgba(13,13,13,0.05); margin: 0.5rem 0px;\">Vrgora\u010dke jagode su mnogo vi\u0161e od vo\u0107a \u2013 one su simbol tradicije, truda i prirodnog bogatstva koje dolazi iz plodne vrgora\u010dke doline. Zahvaljuju\u0107i idealnoj klimi, izda\u0161noj zemlji i vi\u0161egodi\u0161njem znanju lokalnih proizvo\u0111a\u010da, vrgora\u010dka jagoda postala je prepoznatljiv brend koji se s razlogom izdvaja po kvaliteti, okusu i mirisu.<\/p><p style=\"border: rgba(13,13,13,0.05); margin: 0.5rem 0px;\">Ono \u0161to Vrgora\u010dke jagode \u010dini posebnima jest njihova\u00a0<b>prirodna zrelost<\/b>, jer dozrijevaju pod suncem bez prisilnog dozrijevanja, \u0161to im daje punu aromu i slatko\u0107u. Berba po\u010dinje ve\u0107 krajem travnja, \u0161to ih \u010dini\u00a0<b>prvim hrvatskim jagodama u sezoni<\/b>, a njihova svje\u017eina i kvaliteta prepoznata je diljem Hrvatske.<\/p><p style=\"border: rgba(13,13,13,0.05); margin: 0.5rem 0px;\">Iza ovog brenda stoji\u00a0<b>Udru\u017eenje proizvo\u0111a\u010da Vrgora\u010dkih jagoda<\/b>, koje okuplja vrijedne obiteljske poljoprivrednike. Oni ulo\u017eeni trud pretvaraju u vrhunski doma\u0107i proizvod, \u010desto dostupan izravno na tr\u017enicama i punktovima diljem zemlje, pod oznakom\u00a0<b>&#8220;Plodovi iz doline Neretve&#8221;<\/b>\u00a0ili\u00a0<b>&#8220;Izravno od proizvo\u0111a\u010da&#8221;<\/b>.<\/p><p style=\"border: rgba(13,13,13,0.05); margin: 0.5rem 0px;\">Kao brend, Vrgora\u010dke jagode predstavljaju spoj tradicije i kvalitete \u2013 autenti\u010dan okus Mediterana koji podsje\u0107a na djetinjstvo i prirodu kakvu svi pri\u017eeljkujemo. Kupnjom Vrgora\u010dkih jagoda ne birate samo najbolju jagodu, ve\u0107 podupirete doma\u0107u proizvodnju, obitelji i \u017eivot na hrvatskom selu.<\/p>\t\t\t\t\t\t\t\t<\/div>\n\t\t\t\t<\/div>\n\t\t\t\t<\/div>\n\t\t\t\t\t<\/div>\n\t\t\t\t<\/div>\n\t\t<div class=\"elementor-element elementor-element-d477206 e-flex e-con-boxed e-con e-parent\" data-id=\"d477206\" data-element_type=\"container\">\n\t\t\t\t\t<div class=\"e-con-inner\">\n\t\t<div class=\"elementor-element elementor-element-abff7df e-con-full e-flex e-con e-child\" data-id=\"abff7df\" data-element_type=\"container\">\n\t\t\t\t<div class=\"elementor-element elementor-element-34ce3e3 elementor-widget elementor-widget-google_maps\" data-id=\"34ce3e3\" data-element_type=\"widget\" data-widget_type=\"google_maps.default\">\n\t\t\t\t<div class=\"elementor-widget-container\">\n\t\t\t\t\t\t\t<div class=\"elementor-custom-embed\">\n\t\t\t<iframe loading=\"lazy\"\n\t\t\t\t\tsrc=\"https:\/\/maps.google.com\/maps?q=Vrgorac&#038;t=m&#038;z=9&#038;output=embed&#038;iwloc=near\"\n\t\t\t\t\ttitle=\"Vrgorac\"\n\t\t\t\t\taria-label=\"Vrgorac\"\n\t\t\t><\/iframe>\n\t\t<\/div>\n\t\t\t\t\t\t<\/div>\n\t\t\t\t<\/div>\n\t\t\t\t<\/div>\n\t\t<div class=\"elementor-element elementor-element-ec126c1 e-con-full e-flex e-con e-child\" data-id=\"ec126c1\" data-element_type=\"container\">\n\t\t<div class=\"elementor-element elementor-element-1a62ca3 e-con-full e-flex e-con e-child\" data-id=\"1a62ca3\" data-element_type=\"container\">\n\t\t\t\t<div class=\"elementor-element elementor-element-f1e0cf1 elementor-widget elementor-widget-text-editor\" data-id=\"f1e0cf1\" data-element_type=\"widget\" data-widget_type=\"text-editor.default\">\n\t\t\t\t<div class=\"elementor-widget-container\">\n\t\t\t\t\t\t\t\t\t<p style=\"text-align: center;\">nekoliko zanimljivih crtica o jagodama&#8230;<\/p>\t\t\t\t\t\t\t\t<\/div>\n\t\t\t\t<\/div>\n\t\t\t\t<\/div>\n\t\t<div class=\"elementor-element elementor-element-3be7c1e e-con-full e-flex e-con e-child\" data-id=\"3be7c1e\" data-element_type=\"container\">\n\t\t\t\t<div class=\"elementor-element elementor-element-9d64ed7 elementor-widget elementor-widget-image\" data-id=\"9d64ed7\" data-element_type=\"widget\" data-widget_type=\"image.default\">\n\t\t\t\t<div class=\"elementor-widget-container\">\n\t\t\t\t\t\t\t\t\t\t\t\t\t\t\t<img fetchpriority=\"high\" decoding=\"async\" width=\"600\" height=\"800\" src=\"https:\/\/jagoda.com.hr\/wp-content\/uploads\/2025\/06\/jagoda_ulaz.png\" class=\"attachment-large size-large wp-image-337\" alt=\"\" srcset=\"https:\/\/jagoda.com.hr\/wp-content\/uploads\/2025\/06\/jagoda_ulaz.png 600w, https:\/\/jagoda.com.hr\/wp-content\/uploads\/2025\/06\/jagoda_ulaz-225x300.png 225w\" sizes=\"(max-width: 600px) 100vw, 600px\" \/>\t\t\t\t\t\t\t\t\t\t\t\t\t\t\t<\/div>\n\t\t\t\t<\/div>\n\t\t\t\t<\/div>\n\t\t\t\t<\/div>\n\t\t\t\t\t<\/div>\n\t\t\t\t<\/div>\n\t\t\t\t<\/div>\n\t\t","protected":false},"excerpt":{"rendered":"<p>Pri\u010da o jagodama hrvatskoga juga &#8211; projekt Srednje \u0161kole Tin Ujevi\u0107 Vrgorac u suradnji s partnerom Srednje \u0161kole fra Andrije Ka\u010di\u0107a Mio\u0161i\u0107a Plo\u010de Vrgora\u010dke jagode \u2013 &#8220;Crveno blago s juga Hrvatske&#8221; Vrgora\u010dke jagode su mnogo vi\u0161e od vo\u0107a \u2013 one su simbol tradicije, truda i prirodnog bogatstva koje dolazi iz plodne vrgora\u010dke doline. Zahvaljuju\u0107i idealnoj [&hellip;]<\/p>\n","protected":false},"author":1,"featured_media":0,"parent":0,"menu_order":0,"comment_status":"closed","ping_status":"open","template":"","meta":{"footnotes":""},"class_list":["post-2","page","type-page","status-publish","hentry"],"_links":{"self":[{"href":"https:\/\/jagoda.com.hr\/index.php\/wp-json\/wp\/v2\/pages\/2","targetHints":{"allow":["GET"]}}],"collection":[{"href":"https:\/\/jagoda.com.hr\/index.php\/wp-json\/wp\/v2\/pages"}],"about":[{"href":"https:\/\/jagoda.com.hr\/index.php\/wp-json\/wp\/v2\/types\/page"}],"author":[{"embeddable":true,"href":"https:\/\/jagoda.com.hr\/index.php\/wp-json\/wp\/v2\/users\/1"}],"replies":[{"embeddable":true,"href":"https:\/\/jagoda.com.hr\/index.php\/wp-json\/wp\/v2\/comments?post=2"}],"version-history":[{"count":41,"href":"https:\/\/jagoda.com.hr\/index.php\/wp-json\/wp\/v2\/pages\/2\/revisions"}],"predecessor-version":[{"id":386,"href":"https:\/\/jagoda.com.hr\/index.php\/wp-json\/wp\/v2\/pages\/2\/revisions\/386"}],"wp:attachment":[{"href":"https:\/\/jagoda.com.hr\/index.php\/wp-json\/wp\/v2\/media?parent=2"}],"curies":[{"name":"wp","href":"https:\/\/api.w.org\/{rel}","templated":true}]}}