{"id":21,"date":"2025-04-29T08:33:28","date_gmt":"2025-04-29T08:33:28","guid":{"rendered":"https:\/\/jagoda.com.hr\/?page_id=21"},"modified":"2025-05-30T20:19:32","modified_gmt":"2025-05-30T20:19:32","slug":"kontakt","status":"publish","type":"page","link":"https:\/\/jagoda.com.hr\/index.php\/kontakt\/","title":{"rendered":"kontakt"},"content":{"rendered":"\t\t<div data-elementor-type=\"wp-page\" data-elementor-id=\"21\" class=\"elementor elementor-21\">\n\t\t\t\t<div class=\"elementor-element elementor-element-dc80c78 e-flex e-con-boxed e-con e-parent\" data-id=\"dc80c78\" data-element_type=\"container\">\n\t\t\t\t\t<div class=\"e-con-inner\">\n\t\t\t\t<div class=\"elementor-element elementor-element-ef1139e elementor-widget-divider--view-line elementor-widget elementor-widget-divider\" data-id=\"ef1139e\" data-element_type=\"widget\" data-widget_type=\"divider.default\">\n\t\t\t\t<div class=\"elementor-widget-container\">\n\t\t\t\t\t\t\t<div class=\"elementor-divider\">\n\t\t\t<span class=\"elementor-divider-separator\">\n\t\t\t\t\t\t<\/span>\n\t\t<\/div>\n\t\t\t\t\t\t<\/div>\n\t\t\t\t<\/div>\n\t\t\t\t\t<\/div>\n\t\t\t\t<\/div>\n\t\t<div class=\"elementor-element elementor-element-f1d81c3 e-flex e-con-boxed e-con e-parent\" data-id=\"f1d81c3\" data-element_type=\"container\">\n\t\t\t\t\t<div class=\"e-con-inner\">\n\t\t\t\t<div class=\"elementor-element elementor-element-294c209 elementor-widget elementor-widget-text-editor\" data-id=\"294c209\" data-element_type=\"widget\" data-widget_type=\"text-editor.default\">\n\t\t\t\t<div class=\"elementor-widget-container\">\n\t\t\t\t\t\t\t\t\t<p>nositelj projekta:<\/p>\t\t\t\t\t\t\t\t<\/div>\n\t\t\t\t<\/div>\n\t\t\t\t\t<\/div>\n\t\t\t\t<\/div>\n\t\t<div class=\"elementor-element elementor-element-611ed5f e-flex e-con-boxed e-con e-parent\" data-id=\"611ed5f\" data-element_type=\"container\">\n\t\t\t\t\t<div class=\"e-con-inner\">\n\t\t\t\t<div class=\"elementor-element elementor-element-22d0bf4 elementor-widget elementor-widget-heading\" data-id=\"22d0bf4\" data-element_type=\"widget\" data-widget_type=\"heading.default\">\n\t\t\t\t<div class=\"elementor-widget-container\">\n\t\t\t\t\t<h1 class=\"elementor-heading-title elementor-size-default\">Srednja \u0161kola  Tina Ujevi\u0107a<\/h1>\t\t\t\t<\/div>\n\t\t\t\t<\/div>\n\t\t\t\t\t<\/div>\n\t\t\t\t<\/div>\n\t\t<div class=\"elementor-element elementor-element-1a9bcb4 e-flex e-con-boxed e-con e-parent\" data-id=\"1a9bcb4\" data-element_type=\"container\">\n\t\t\t\t\t<div class=\"e-con-inner\">\n\t\t\t\t<div class=\"elementor-element elementor-element-c8fd593 elementor-widget elementor-widget-heading\" data-id=\"c8fd593\" data-element_type=\"widget\" data-widget_type=\"heading.default\">\n\t\t\t\t<div class=\"elementor-widget-container\">\n\t\t\t\t\t<h2 class=\"elementor-heading-title elementor-size-default\">Matice hrvatske 8, 21276 Vrgorac,  Hrvatska<\/h2>\t\t\t\t<\/div>\n\t\t\t\t<\/div>\n\t\t\t\t\t<\/div>\n\t\t\t\t<\/div>\n\t\t<div class=\"elementor-element elementor-element-2a883df e-flex e-con-boxed e-con e-parent\" data-id=\"2a883df\" data-element_type=\"container\">\n\t\t\t\t\t<div class=\"e-con-inner\">\n\t\t\t\t<div class=\"elementor-element elementor-element-f3400a8 elementor-widget elementor-widget-text-editor\" data-id=\"f3400a8\" data-element_type=\"widget\" data-widget_type=\"text-editor.default\">\n\t\t\t\t<div class=\"elementor-widget-container\">\n\t\t\t\t\t\t\t\t\t<h3 style=\"padding-left: 40px;\"><span style=\"color: #000000;\"><a style=\"color: #000000;\" href=\"http:\/\/ss-tujevic-vrgorac.skole.hr\" target=\"_blank\" rel=\"noopener\"><strong>http:\/\/ss-tujevic-vrgorac.skole.hr<\/strong><\/a><\/span><\/h3><h4 style=\"padding-left: 40px;\"><span style=\"color: #000000;\"><a style=\"color: #000000;\" href=\"mailto:ured@ss-tujevic-vrgorac.skole.hr\" target=\"_blank\" rel=\"noopener\">ured@ss-tujevic-vrgorac.skole.hr<\/a><\/span><\/h4><p style=\"padding-left: 40px;\"><span style=\"color: #000000;\">+385 (0)21 674 026 <\/span><\/p><p style=\"padding-left: 40px;\"><span style=\"color: #000000;\">+385 (0)98 905 5740<\/span><\/p>\t\t\t\t\t\t\t\t<\/div>\n\t\t\t\t<\/div>\n\t\t\t\t\t<\/div>\n\t\t\t\t<\/div>\n\t\t<div class=\"elementor-element elementor-element-f1b692c e-flex e-con-boxed e-con e-parent\" data-id=\"f1b692c\" data-element_type=\"container\">\n\t\t\t\t\t<div class=\"e-con-inner\">\n\t\t\t\t<div class=\"elementor-element elementor-element-f9e8b31 elementor-widget-divider--view-line elementor-widget elementor-widget-divider\" data-id=\"f9e8b31\" data-element_type=\"widget\" data-widget_type=\"divider.default\">\n\t\t\t\t<div class=\"elementor-widget-container\">\n\t\t\t\t\t\t\t<div class=\"elementor-divider\">\n\t\t\t<span class=\"elementor-divider-separator\">\n\t\t\t\t\t\t<\/span>\n\t\t<\/div>\n\t\t\t\t\t\t<\/div>\n\t\t\t\t<\/div>\n\t\t\t\t\t<\/div>\n\t\t\t\t<\/div>\n\t\t<div class=\"elementor-element elementor-element-484626b e-flex e-con-boxed e-con e-parent\" data-id=\"484626b\" data-element_type=\"container\">\n\t\t\t\t\t<div class=\"e-con-inner\">\n\t\t\t\t<div class=\"elementor-element elementor-element-ce72f96 elementor-widget elementor-widget-text-editor\" data-id=\"ce72f96\" data-element_type=\"widget\" data-widget_type=\"text-editor.default\">\n\t\t\t\t<div class=\"elementor-widget-container\">\n\t\t\t\t\t\t\t\t\t<p>partner projekta:<\/p>\t\t\t\t\t\t\t\t<\/div>\n\t\t\t\t<\/div>\n\t\t\t\t\t<\/div>\n\t\t\t\t<\/div>\n\t\t<div class=\"elementor-element elementor-element-1dc0fa8 e-flex e-con-boxed e-con e-parent\" data-id=\"1dc0fa8\" data-element_type=\"container\">\n\t\t\t\t\t<div class=\"e-con-inner\">\n\t\t\t\t<div class=\"elementor-element elementor-element-ea9e1c1 elementor-widget elementor-widget-heading\" data-id=\"ea9e1c1\" data-element_type=\"widget\" data-widget_type=\"heading.default\">\n\t\t\t\t<div class=\"elementor-widget-container\">\n\t\t\t\t\t<h1 class=\"elementor-heading-title elementor-size-default\">Srednja \u0161kola fra Andrije Ka\u010di\u0107a Mio\u0161i\u0107a<\/h1>\t\t\t\t<\/div>\n\t\t\t\t<\/div>\n\t\t\t\t\t<\/div>\n\t\t\t\t<\/div>\n\t\t<div class=\"elementor-element elementor-element-f9c5b46 e-flex e-con-boxed e-con e-parent\" data-id=\"f9c5b46\" data-element_type=\"container\">\n\t\t\t\t\t<div class=\"e-con-inner\">\n\t\t\t\t<div class=\"elementor-element elementor-element-59a25b8 elementor-widget elementor-widget-heading\" data-id=\"59a25b8\" data-element_type=\"widget\" data-widget_type=\"heading.default\">\n\t\t\t\t<div class=\"elementor-widget-container\">\n\t\t\t\t\t<h2 class=\"elementor-heading-title elementor-size-default\">Tina Ujevi\u0107a 5, 20340 Plo\u010de,  Hrvatska<\/h2>\t\t\t\t<\/div>\n\t\t\t\t<\/div>\n\t\t\t\t\t<\/div>\n\t\t\t\t<\/div>\n\t\t<div class=\"elementor-element elementor-element-422a124 e-flex e-con-boxed e-con e-parent\" data-id=\"422a124\" data-element_type=\"container\">\n\t\t\t\t\t<div class=\"e-con-inner\">\n\t\t\t\t<div class=\"elementor-element elementor-element-f03745b elementor-widget elementor-widget-text-editor\" data-id=\"f03745b\" data-element_type=\"widget\" data-widget_type=\"text-editor.default\">\n\t\t\t\t<div class=\"elementor-widget-container\">\n\t\t\t\t\t\t\t\t\t<h3 style=\"padding-left: 40px;\"><span style=\"color: #000000;\"><a style=\"color: #000000;\" href=\"https:\/\/ss-fraandrijekacicamiosica-ploce.skole.hr\/\" target=\"_blank\" rel=\"noopener\"><strong>http:\/\/ss-fraandrijekacicamiosica-ploce.skole.hr<\/strong><\/a><\/span><\/h3><h4 style=\"padding-left: 40px;\"><a href=\"mailto:ured@ss-fraandrijekacicamiosica-ploce.skole.hr\"><span style=\"color: #000000;\">ured@ss-fraandrijekacicamiosica-ploce.skole.hr<\/span><\/a><\/h4><p style=\"padding-left: 40px;\"><span style=\"color: #000000;\">+385 (0)20 678 139<\/span><\/p><p style=\"padding-left: 40px;\"><span style=\"color: #000000;\">+385 (0)91 538 3422<\/span><\/p>\t\t\t\t\t\t\t\t<\/div>\n\t\t\t\t<\/div>\n\t\t\t\t\t<\/div>\n\t\t\t\t<\/div>\n\t\t<div class=\"elementor-element elementor-element-17e918c e-flex e-con-boxed e-con e-parent\" data-id=\"17e918c\" data-element_type=\"container\">\n\t\t\t\t\t<div class=\"e-con-inner\">\n\t\t\t\t<div class=\"elementor-element elementor-element-179835a elementor-widget-divider--view-line elementor-widget elementor-widget-divider\" data-id=\"179835a\" data-element_type=\"widget\" data-widget_type=\"divider.default\">\n\t\t\t\t<div class=\"elementor-widget-container\">\n\t\t\t\t\t\t\t<div class=\"elementor-divider\">\n\t\t\t<span class=\"elementor-divider-separator\">\n\t\t\t\t\t\t<\/span>\n\t\t<\/div>\n\t\t\t\t\t\t<\/div>\n\t\t\t\t<\/div>\n\t\t\t\t\t<\/div>\n\t\t\t\t<\/div>\n\t\t\t\t<\/div>\n\t\t","protected":false},"excerpt":{"rendered":"<p>nositelj projekta: Srednja \u0161kola Tina Ujevi\u0107a Matice hrvatske 8, 21276 Vrgorac, Hrvatska http:\/\/ss-tujevic-vrgorac.skole.hr ured@ss-tujevic-vrgorac.skole.hr +385 (0)21 674 026 +385 (0)98 905 5740 partner projekta: Srednja \u0161kola fra Andrije Ka\u010di\u0107a Mio\u0161i\u0107a Tina Ujevi\u0107a 5, 20340 Plo\u010de, Hrvatska http:\/\/ss-fraandrijekacicamiosica-ploce.skole.hr ured@ss-fraandrijekacicamiosica-ploce.skole.hr +385 (0)20 678 139 +385 (0)91 538 3422<\/p>\n","protected":false},"author":1,"featured_media":0,"parent":0,"menu_order":0,"comment_status":"closed","ping_status":"closed","template":"","meta":{"footnotes":""},"class_list":["post-21","page","type-page","status-publish","hentry"],"_links":{"self":[{"href":"https:\/\/jagoda.com.hr\/index.php\/wp-json\/wp\/v2\/pages\/21","targetHints":{"allow":["GET"]}}],"collection":[{"href":"https:\/\/jagoda.com.hr\/index.php\/wp-json\/wp\/v2\/pages"}],"about":[{"href":"https:\/\/jagoda.com.hr\/index.php\/wp-json\/wp\/v2\/types\/page"}],"author":[{"embeddable":true,"href":"https:\/\/jagoda.com.hr\/index.php\/wp-json\/wp\/v2\/users\/1"}],"replies":[{"embeddable":true,"href":"https:\/\/jagoda.com.hr\/index.php\/wp-json\/wp\/v2\/comments?post=21"}],"version-history":[{"count":40,"href":"https:\/\/jagoda.com.hr\/index.php\/wp-json\/wp\/v2\/pages\/21\/revisions"}],"predecessor-version":[{"id":260,"href":"https:\/\/jagoda.com.hr\/index.php\/wp-json\/wp\/v2\/pages\/21\/revisions\/260"}],"wp:attachment":[{"href":"https:\/\/jagoda.com.hr\/index.php\/wp-json\/wp\/v2\/media?parent=21"}],"curies":[{"name":"wp","href":"https:\/\/api.w.org\/{rel}","templated":true}]}}